{"id":2196,"date":"2023-08-30T09:56:48","date_gmt":"2023-08-30T07:56:48","guid":{"rendered":"http:\/\/skm.crispinian.de\/wp\/?page_id=2196"},"modified":"2023-08-30T09:56:51","modified_gmt":"2023-08-30T07:56:51","slug":"impressum-moewe-ggmbh","status":"publish","type":"page","link":"http:\/\/skm.crispinian.de\/wp\/impressum-moewe-ggmbh\/","title":{"rendered":"Impressum M\u00f6we gGmbH"},"content":{"rendered":"<p>[et_pb_section fb_built=&#8220;1&#8243; _builder_version=&#8220;4.19.5&#8243; _module_preset=&#8220;default&#8220; global_colors_info=&#8220;{}&#8220; theme_builder_area=&#8220;post_content&#8220;][et_pb_row _builder_version=&#8220;4.20.2&#8243; _module_preset=&#8220;default&#8220; locked=&#8220;off&#8220; global_colors_info=&#8220;{}&#8220; theme_builder_area=&#8220;post_content&#8220;][et_pb_column type=&#8220;4_4&#8243; _builder_version=&#8220;4.20.2&#8243; _module_preset=&#8220;default&#8220; global_colors_info=&#8220;{}&#8220; theme_builder_area=&#8220;post_content&#8220;][et_pb_text admin_label=&#8220;Impressum M\u00f6we gGmbH&#8220; _builder_version=&#8220;4.22.1&#8243; text_font=&#8220;|600|||||||&#8220; text_font_size=&#8220;23px&#8220; ul_font=&#8220;||||||||&#8220; ol_font=&#8220;||||||||&#8220; quote_font=&#8220;||||||||&#8220; header_font=&#8220;||||||||&#8220; header_2_font=&#8220;|800|||||||&#8220; header_2_font_size=&#8220;24px&#8220; header_2_line_height=&#8220;1.8em&#8220; header_3_font=&#8220;||||||||&#8220; header_4_font=&#8220;|800||on|||||&#8220; header_4_font_size=&#8220;16px&#8220; header_4_letter_spacing=&#8220;0.5px&#8220; header_4_line_height=&#8220;1.7em&#8220; header_5_font=&#8220;||||||||&#8220; header_6_font=&#8220;||||||||&#8220; background_color=&#8220;#e9e4e2&#8243; padding_1_last_edited=&#8220;on|desktop&#8220; custom_padding=&#8220;30px|50px|30px|50px|true|true|20px|10%|20px|10%|true|true||on|desktop&#8220; custom_padding_tablet=&#8220;&#8220; custom_padding_phone=&#8220;20px|10%|20px|10%|true|true&#8220; custom_padding_last_edited=&#8220;on|phone&#8220; hover_enabled=&#8220;0&#8243; header_2_font_size_tablet=&#8220;&#8220; header_2_font_size_phone=&#8220;18px&#8220; header_2_font_size_last_edited=&#8220;on|phone&#8220; locked=&#8220;off&#8220; global_colors_info=&#8220;{}&#8220; theme_builder_area=&#8220;post_content&#8220; sticky_enabled=&#8220;0&#8243;]<\/p>\n<p>Impressum M\u00f6we gGmbH<\/p>\n<p>[\/et_pb_text][\/et_pb_column][\/et_pb_row][et_pb_row _builder_version=&#8220;4.19.5&#8243; _module_preset=&#8220;default&#8220; global_colors_info=&#8220;{}&#8220; theme_builder_area=&#8220;post_content&#8220;][et_pb_column type=&#8220;4_4&#8243; _builder_version=&#8220;4.19.5&#8243; _module_preset=&#8220;default&#8220; global_colors_info=&#8220;{}&#8220; theme_builder_area=&#8220;post_content&#8220;][et_pb_text _builder_version=&#8220;4.22.1&#8243; _module_preset=&#8220;default&#8220; hover_enabled=&#8220;0&#8243; global_colors_info=&#8220;{}&#8220; theme_builder_area=&#8220;post_content&#8220; sticky_enabled=&#8220;0&#8243;]<\/p>\n<p>Die nachstehenden Informationen enthalten die gesetzlich vorgesehenen Pflichtangaben zur Anbieterkennzeichnung sowie wichtige rechtliche Hinweise zur Internetpr\u00e4senz der M\u00d6WE gGmbH.<\/p>\n<p><strong>Anbieter<\/strong><br \/>Anbieter dieser Internetpr\u00e4senz im Rechtssinne ist die<br \/>M\u00d6WE &#8211; gemeinn\u00fctzige Qualifizierungs- und Besch\u00e4ftigungsgesellschaft mbH<br \/>Hausw\u00f6rmannsweg 88<br \/>49080 Osnabr\u00fcck, Deutschland<br \/>Telefon: +49 (0)541 50688-0<br \/>Internetseite: <a href=\"http:\/\/www.moewe-osnabrueck.de\" target=\"_blank\" rel=\"noopener\">www.moewe-osnabrueck.de<\/a><br \/>E-Mail: <a href=\"mailto:info@moewe-osnabrueck.de\">info@moewe-osnabrueck.de<\/a><\/p>\n<p><strong>Handelsregister<\/strong><br \/>Die M\u00d6WE &#8211; gemeinn\u00fctzige Qualifizierungs- und Besch\u00e4ftigungsgesellschaft mbH ist im Handelsregister des Amtsgerichts Osnabr\u00fcck unter der Registernummer HRB 18497 eingetragen.<br \/>Gesch\u00e4ftsf\u00fchrer: Hannes Nieland<br \/>Prokurist: Thomas Schulke<\/p>\n<p><a href=\"https:\/\/6ec2ff8d-08bd-4c00-8187-5d15b1076ae1.filesusr.com\/ugd\/b760e3_ea2a814fa728493e9389482f6a14c49e.pdf\" target=\"_blank\" rel=\"noopener\">AGB<\/a><br \/>Alleingesellschafter ist der SKM-Katholischer Verein f\u00fcr soziale Dienste in Osnabr\u00fcck e.V.<\/p>\n<p><strong>Umsatzsteueridentifikationsnummer<\/strong><br \/>Die Umsatzsteueridentifikationsnummer der M\u00d6WE &#8211; gemeinn\u00fctzige Qualifizierungs- und Besch\u00e4ftigungsgesellschaft mbH lautet: DE117647098.<\/p>\n<p><strong>Redaktionsverantwortlicher<\/strong><br \/>Redaktionsverantwortlicher f\u00fcr die Internetpr\u00e4senz der M\u00d6WE gGmbH ist<br \/>Thomas Kater<br \/>SKM &#8211; Kath. Verein f\u00fcr soziale Dienste in Osnabr\u00fcck e.V.<br \/>\u00d6ffentlichkeitsarbeit<br \/>Bramscher Stra\u00dfe 11<br \/>49088 Osnabr\u00fcck<br \/>Telefon: +49(0)541\/33035-25<br \/>E-Mail: <a href=\"mailto:t.kater@http:\/\/skm.crispinian.de\/wp\">t.kater@http:\/\/skm.crispinian.de\/wp<\/a><\/p>\n<p><strong>Rechtliche Hinweise zur Haftung \/ Disclaimer<\/strong><br \/>Die M\u00d6WE gGmbH ist um Richtigkeit und Aktualit\u00e4t der auf dieser Internetpr\u00e4senz bereitgestellten Informationen bem\u00fcht. Trotzdem k\u00f6nnen Fehler und Unklarheiten nicht vollst\u00e4ndig ausgeschlossen werden. Die M\u00d6WE gGmbH \u00fcbernimmt deshalb keine Gew\u00e4hr f\u00fcr die Aktualit\u00e4t, Richtigkeit, Vollst\u00e4ndigkeit oder Qualit\u00e4t der bereitgestellten Informationen. F\u00fcr Sch\u00e4den materieller oder immaterieller Art, die durch die Nutzung oder Nichtnutzung der dargebotenen Informationen bzw. durch die Nutzung fehlerhafter und unvollst\u00e4ndiger Informationen unmittelbar oder mittelbar verursacht werden, haftet die M\u00d6WE gGmbH nicht, sofern ihm nicht nachweislich vors\u00e4tzliches oder grob fahrl\u00e4ssiges Verschulden zur Last f\u00e4llt. Gleiches gilt f\u00fcr kostenlos zum Download bereitgehaltene Software. Die M\u00d6WE gGmbH beh\u00e4lt es sich vor, Teile des Internetangebots oder das gesamte Angebot ohne gesonderte Ank\u00fcndigung zu ver\u00e4ndern, zu erg\u00e4nzen, zu l\u00f6schen oder die Ver\u00f6ffentlichung zeitweise oder endg\u00fcltig einzustellen.<br \/>Die Verantwortlichkeit f\u00fcr &#8222;fremde Inhalte&#8220;, die beispielsweise durch direkte oder indirekte Verkn\u00fcpfungen (zum Beispiel sogenannte &#8222;Links&#8220;) zu anderen Anbietern bereitgehalten werden, setzt unter anderem positive Kenntnis des rechtswidrigen beziehungsweise strafbaren Inhaltes voraus. &#8222;Fremde Inhalte&#8220; sind in geeigneter Weise gekennzeichnet. Die M\u00d6WE gGmbH hat auf &#8222;fremde Inhalte&#8220; keinerlei Einfluss und macht sich diese Inhalte auch nicht zu Eigen. Die M\u00d6WE gGmbH hat keine positive Kenntnis \u00fcber rechtswidrige oder anst\u00f6\u00dfige Inhalte auf den verkn\u00fcpften Seiten fremder Anbieter. Sollten auf den verkn\u00fcpften Seiten fremder Anbieter dennoch rechtswidrige oder anst\u00f6\u00dfige Inhalte enthalten sein, so distanziert sich die M\u00d6WE gGmbH von diesen Inhalten ausdr\u00fccklich.<\/p>\n<p><strong>Au\u00dfergerichtliche Streitschlichtung<\/strong><br \/>Zur Teilnahme an einem Streitbeilegungsverfahren vor einer Verbraucherschlichtungsstelle nach dem &#8222;Gesetz \u00fcber die alternative Streitbeilegung in Verbrauchersachen (VSBG)&#8220; sind wir nicht bereit und nicht verpflichtet.<\/p>\n<p><strong>Zust\u00e4ndige Verbraucherschlichtungsstelle:<\/strong><br \/>Allgemeine Verbraucherschlichtungsstelle des Zentrums f\u00fcr Schlichtung e.V., Stra\u00dfburger Stra\u00dfe 8, 77694 Kehl am Rhein.<br \/>Tel.: 07851 \/ 795 79 40<br \/>Fax: 07851 \/ 795 79 41<br \/>E-Mail: <a href=\"mailto:mail@verbraucher-schlichter.de\">mail@verbraucher-schlichter.de<\/a><br \/>Internet: <a href=\"http:\/\/www.verbraucher-schlichter.de\" target=\"_blank\" rel=\"noopener\">www.verbraucher-schlichter.de<\/a><\/p>\n<p><strong>Rechtliche Hinweise zum Urheberrecht<\/strong><br \/>Das Layout der Homepage, die verwendeten Grafiken sowie die sonstigen Inhalte sind urheberrechtlich gesch\u00fctzt.<\/p>\n<p><strong>Webdesign und Umsetzung<\/strong><br \/>Konzept und Grafik: Dom Medien GmbH, Schillerstra\u00dfe 15, 49074 Osnabr\u00fcck<br \/>Technische Umsetzung: Paulina Schmidt, Online-Marketing &amp; Webdesign, Obere Findelst\u00e4tte 26, 49124 Georgsmarienh\u00fctte<\/p>\n<p><strong>Bildnachweise:<\/strong><br \/>Angela von Brill, SKM Osnabr\u00fcck e. V., Freiwilligendienste Bistum Osnabr\u00fcck \/ Angela von Brill<\/p>\n<p>[\/et_pb_text][\/et_pb_column][\/et_pb_row][\/et_pb_section]<\/p>\n","protected":false},"excerpt":{"rendered":"<p>Impressum M\u00f6we gGmbHDie nachstehenden Informationen enthalten die gesetzlich vorgesehenen Pflichtangaben zur Anbieterkennzeichnung sowie wichtige rechtliche Hinweise zur Internetpr\u00e4senz der M\u00d6WE gGmbH. AnbieterAnbieter dieser Internetpr\u00e4senz im Rechtssinne ist dieM\u00d6WE &#8211; gemeinn\u00fctzige Qualifizierungs- und Besch\u00e4ftigungsgesellschaft mbHHausw\u00f6rmannsweg 8849080 Osnabr\u00fcck, DeutschlandTelefon: +49 (0)541 50688-0Internetseite: www.moewe-osnabrueck.deE-Mail: info@moewe-osnabrueck.de HandelsregisterDie M\u00d6WE &#8211; gemeinn\u00fctzige Qualifizierungs- und Besch\u00e4ftigungsgesellschaft mbH ist im Handelsregister des Amtsgerichts [&hellip;]<\/p>\n","protected":false},"author":1,"featured_media":0,"parent":0,"menu_order":0,"comment_status":"closed","ping_status":"closed","template":"","meta":{"_et_pb_use_builder":"on","_et_pb_old_content":"","_et_gb_content_width":"","footnotes":""},"class_list":["post-2196","page","type-page","status-publish","hentry"],"_links":{"self":[{"href":"http:\/\/skm.crispinian.de\/wp\/wp-json\/wp\/v2\/pages\/2196","targetHints":{"allow":["GET"]}}],"collection":[{"href":"http:\/\/skm.crispinian.de\/wp\/wp-json\/wp\/v2\/pages"}],"about":[{"href":"http:\/\/skm.crispinian.de\/wp\/wp-json\/wp\/v2\/types\/page"}],"author":[{"embeddable":true,"href":"http:\/\/skm.crispinian.de\/wp\/wp-json\/wp\/v2\/users\/1"}],"replies":[{"embeddable":true,"href":"http:\/\/skm.crispinian.de\/wp\/wp-json\/wp\/v2\/comments?post=2196"}],"version-history":[{"count":2,"href":"http:\/\/skm.crispinian.de\/wp\/wp-json\/wp\/v2\/pages\/2196\/revisions"}],"predecessor-version":[{"id":2199,"href":"http:\/\/skm.crispinian.de\/wp\/wp-json\/wp\/v2\/pages\/2196\/revisions\/2199"}],"wp:attachment":[{"href":"http:\/\/skm.crispinian.de\/wp\/wp-json\/wp\/v2\/media?parent=2196"}],"curies":[{"name":"wp","href":"https:\/\/api.w.org\/{rel}","templated":true}]}}