{"id":1652,"date":"2023-08-17T15:43:09","date_gmt":"2023-08-17T13:43:09","guid":{"rendered":"http:\/\/skm.crispinian.de\/wp\/?page_id=1652"},"modified":"2023-08-25T09:34:51","modified_gmt":"2023-08-25T07:34:51","slug":"wunschzettel-aktion","status":"publish","type":"page","link":"http:\/\/skm.crispinian.de\/wp\/mitmachen\/projekte\/wunschzettel-aktion\/","title":{"rendered":"Wunschzettel-Aktion"},"content":{"rendered":"<p>[et_pb_section fb_built=&#8220;1&#8243; admin_label=&#8220;Sektion&#8220; _builder_version=&#8220;4.20.2&#8243; _module_preset=&#8220;default&#8220; locked=&#8220;off&#8220; global_colors_info=&#8220;{}&#8220;][et_pb_row _builder_version=&#8220;4.20.2&#8243; _module_preset=&#8220;default&#8220; global_colors_info=&#8220;{}&#8220;][et_pb_column type=&#8220;4_4&#8243; _builder_version=&#8220;4.20.2&#8243; _module_preset=&#8220;default&#8220; global_colors_info=&#8220;{}&#8220;][et_pb_text admin_label=&#8220;WUNSCHZETTEL-AKTION&#8220; _builder_version=&#8220;4.22.0&#8243; text_font=&#8220;|600|||||||&#8220; text_font_size=&#8220;23px&#8220; ul_font=&#8220;||||||||&#8220; ol_font=&#8220;||||||||&#8220; quote_font=&#8220;||||||||&#8220; header_font=&#8220;||||||||&#8220; header_2_font=&#8220;|800|||||||&#8220; header_2_font_size=&#8220;24px&#8220; header_2_line_height=&#8220;1.8em&#8220; header_3_font=&#8220;||||||||&#8220; header_4_font=&#8220;|800||on|||||&#8220; header_4_font_size=&#8220;16px&#8220; header_4_letter_spacing=&#8220;0.5px&#8220; header_4_line_height=&#8220;1.7em&#8220; header_5_font=&#8220;||||||||&#8220; header_6_font=&#8220;||||||||&#8220; background_color=&#8220;#e9e4e2&#8243; padding_1_last_edited=&#8220;on|desktop&#8220; custom_padding=&#8220;30px|50px|30px|50px|true|true|20px|10%|20px|10%|true|true||on|desktop&#8220; custom_padding_tablet=&#8220;&#8220; custom_padding_phone=&#8220;20px|10%|20px|10%|true|true&#8220; custom_padding_last_edited=&#8220;on|phone&#8220; header_2_font_size_tablet=&#8220;&#8220; header_2_font_size_phone=&#8220;18px&#8220; header_2_font_size_last_edited=&#8220;on|phone&#8220; locked=&#8220;off&#8220; global_colors_info=&#8220;{}&#8220;]<\/p>\n<p>WUNSCHZETTEL-AKTION<\/p>\n<p>[\/et_pb_text][\/et_pb_column][\/et_pb_row][et_pb_row _builder_version=&#8220;4.22.0&#8243; _module_preset=&#8220;default&#8220; global_colors_info=&#8220;{}&#8220;][et_pb_column type=&#8220;4_4&#8243; _builder_version=&#8220;4.22.0&#8243; _module_preset=&#8220;default&#8220; global_colors_info=&#8220;{}&#8220;][et_pb_text admin_label=&#8220;Wunschzettel-Aktion: Ein Kinderl\u00e4cheln zu Weihnachten \u2013 werden Sie Geschenkpate!&#8220; _builder_version=&#8220;4.22.0&#8243; _module_preset=&#8220;default&#8220; global_colors_info=&#8220;{}&#8220;]<\/p>\n<h1>Wunschzettel-Aktion: Ein Kinderl\u00e4cheln zu Weihnachten \u2013 werden Sie Geschenkpate!<\/h1>\n<p>[\/et_pb_text][et_pb_text _builder_version=&#8220;4.22.0&#8243; _module_preset=&#8220;default&#8220; global_colors_info=&#8220;{}&#8220;]<\/p>\n<p>Das, was im Jahr 2011 als Projektidee entstand, n\u00e4mlich Geschenkpaten f\u00fcr benachteiligte Kinder zum Weihnachtsfest zu finden, hat sich mittlerweile als eine feste Aktion in der Vorweihnachtszeit etabliert.<\/p>\n<p>Der SKM Osnabr\u00fcck setzt sich im Bereich der Jugendhilfe f\u00fcr benachteiligte Kinder und Jugendliche ein. Ein Schwerpunkt der Arbeit ist der F\u00f6rderkreis Kinderarmut. Die gesammelten Spenden k\u00f6nnen direkt mit dem Bedarf der uns bekannten Familien abgeglichen und so Notsituationen gelindert werden.<\/p>\n<p>Ein weiterer Schwerpunkt ist die Weihnachtspaketaktion f\u00fcr die Region Georgsmarienh\u00fctte, Hagen a.T.W. und Hasbergen. Die Kinderg\u00e4rten, Schulen, sozialen Einrichtungen und Kirchengemeinden erhalten Wunschzettel f\u00fcr Kinder, die an Weihnachten nur wenig Geschenke erhalten werden. Der SKM sucht mit diesen Wunschzetteln nach Wunsch-Erf\u00fcllern, die einen Wunschzettel \u00fcbernehmen und anschlie\u00dfend die Geschenke an die entsprechenden Institutionen \u00fcbergeben. Diese geben die Geschenke an die Kinder weiter.<\/p>\n<p>[\/et_pb_text][et_pb_button button_url=&#8220;http:\/\/skm.crispinian.de\/wp\/wp-content\/uploads\/2023\/08\/Flyer_Wunschzettelaktion.pdf&#8220; url_new_window=&#8220;on&#8220; button_text=&#8220;Zum Flyer&#8220; button_alignment=&#8220;left&#8220; _builder_version=&#8220;4.22.0&#8243; _module_preset=&#8220;default&#8220; global_colors_info=&#8220;{}&#8220;][\/et_pb_button][\/et_pb_column][\/et_pb_row][\/et_pb_section][et_pb_section fb_built=&#8220;1&#8243; _builder_version=&#8220;4.21.0&#8243; _module_preset=&#8220;default&#8220; background_color=&#8220;#e9e4e2&#8243; custom_margin=&#8220;||15px||false|false&#8220; locked=&#8220;off&#8220; global_colors_info=&#8220;{}&#8220;][et_pb_row _builder_version=&#8220;4.20.4&#8243; _module_preset=&#8220;default&#8220; global_colors_info=&#8220;{}&#8220;][et_pb_column type=&#8220;4_4&#8243; _builder_version=&#8220;4.20.4&#8243; _module_preset=&#8220;default&#8220; global_colors_info=&#8220;{}&#8220;][et_pb_text admin_label=&#8220;Ihre Ansprechpartnerin&#8220; _builder_version=&#8220;4.22.0&#8243; _module_preset=&#8220;default&#8220; global_colors_info=&#8220;{}&#8220;]<\/p>\n<h2>Ihre Ansprechpartnerin<\/h2>\n<p>[\/et_pb_text][\/et_pb_column][\/et_pb_row][et_pb_row column_structure=&#8220;2_5,3_5&#8243; _builder_version=&#8220;4.20.4&#8243; _module_preset=&#8220;default&#8220; global_colors_info=&#8220;{}&#8220;][et_pb_column type=&#8220;2_5&#8243; _builder_version=&#8220;4.20.4&#8243; _module_preset=&#8220;default&#8220; global_colors_info=&#8220;{}&#8220;][et_pb_image src=&#8220;http:\/\/skm.crispinian.de\/wp\/wp-content\/uploads\/2023\/08\/platzhalter_frau_logo.png&#8220; title_text=&#8220;platzhalter_frau_logo&#8220; admin_label=&#8220;Bild &#8211; Astrid&#8220; _builder_version=&#8220;4.22.0&#8243; _module_preset=&#8220;default&#8220; global_colors_info=&#8220;{}&#8220;][\/et_pb_image][\/et_pb_column][et_pb_column type=&#8220;3_5&#8243; _builder_version=&#8220;4.20.4&#8243; _module_preset=&#8220;default&#8220; global_colors_info=&#8220;{}&#8220;][et_pb_text _builder_version=&#8220;4.22.0&#8243; _module_preset=&#8220;default&#8220; custom_padding=&#8220;|||20px|false|false&#8220; global_colors_info=&#8220;{}&#8220;]<\/p>\n<p><strong>Astrid Brinkmann<\/strong><\/p>\n<p>0177 6773 179<br \/><a href=\"mailto:a.brinkmann@http:\/\/skm.crispinian.de\/wp\">a.brinkmann@http:\/\/skm.crispinian.de\/wp<\/a><br \/>Kolpingstra\u00dfe 1, 49124 Georgsmarienh\u00fctte<\/p>\n<p>[\/et_pb_text][\/et_pb_column][\/et_pb_row][\/et_pb_section][et_pb_section fb_built=&#8220;1&#8243; _builder_version=&#8220;4.22.0&#8243; _module_preset=&#8220;default&#8220; background_color=&#8220;#e9e4e2&#8243; max_width=&#8220;1950px&#8220; custom_margin=&#8220;15px||||false|false&#8220; global_module=&#8220;456&#8243; saved_tabs=&#8220;all&#8220; locked=&#8220;off&#8220; global_colors_info=&#8220;{}&#8220;][et_pb_row column_structure=&#8220;1_4,1_4,1_4,1_4&#8243; _builder_version=&#8220;4.20.0&#8243; _module_preset=&#8220;default&#8220; global_colors_info=&#8220;{}&#8220;][et_pb_column type=&#8220;1_4&#8243; _builder_version=&#8220;4.20.0&#8243; _module_preset=&#8220;default&#8220; global_colors_info=&#8220;{}&#8220;][et_pb_image src=&#8220;http:\/\/skm.crispinian.de\/wp\/wp-content\/uploads\/2023\/08\/donation_grau.png&#8220; title_text=&#8220;donation_grau&#8220; align=&#8220;center&#8220; _builder_version=&#8220;4.22.1&#8243; _module_preset=&#8220;default&#8220; width=&#8220;25%&#8220; global_colors_info=&#8220;{}&#8220;][\/et_pb_image][et_pb_text _builder_version=&#8220;4.22.0&#8243; _module_preset=&#8220;default&#8220; text_text_color=&#8220;#bbb7b6&#8243; custom_padding=&#8220;20px||20px||false|false&#8220; global_colors_info=&#8220;{}&#8220;]<\/p>\n<p style=\"text-align: center;\"><a href=\"http:\/\/skm.crispinian.de\/wp\/spenden\/\"><strong>Spenden<\/strong><\/a><\/p>\n<p>[\/et_pb_text][\/et_pb_column][et_pb_column type=&#8220;1_4&#8243; _builder_version=&#8220;4.20.0&#8243; _module_preset=&#8220;default&#8220; global_colors_info=&#8220;{}&#8220;][et_pb_image src=&#8220;http:\/\/skm.crispinian.de\/wp\/wp-content\/uploads\/2023\/08\/job_grau.png&#8220; title_text=&#8220;job_grau&#8220; align=&#8220;center&#8220; _builder_version=&#8220;4.22.1&#8243; _module_preset=&#8220;default&#8220; width=&#8220;25%&#8220; global_colors_info=&#8220;{}&#8220;][\/et_pb_image][et_pb_text _builder_version=&#8220;4.21.0&#8243; _module_preset=&#8220;default&#8220; text_text_color=&#8220;#bbb7b6&#8243; custom_padding=&#8220;20px||20px||false|false&#8220; global_colors_info=&#8220;{}&#8220;]<\/p>\n<p style=\"text-align: center;\"><a href=\"http:\/\/skm.crispinian.de\/wp\/karriere\/\"><strong>Stellenausschreibungen<\/strong><\/a><\/p>\n<p>[\/et_pb_text][\/et_pb_column][et_pb_column type=&#8220;1_4&#8243; _builder_version=&#8220;4.20.0&#8243; _module_preset=&#8220;default&#8220; global_colors_info=&#8220;{}&#8220;][et_pb_image src=&#8220;http:\/\/skm.crispinian.de\/wp\/wp-content\/uploads\/2023\/08\/support_grau.png&#8220; title_text=&#8220;support_grau&#8220; align=&#8220;center&#8220; _builder_version=&#8220;4.22.1&#8243; _module_preset=&#8220;default&#8220; width=&#8220;25%&#8220; global_colors_info=&#8220;{}&#8220;][\/et_pb_image][et_pb_text _builder_version=&#8220;4.22.1&#8243; _module_preset=&#8220;default&#8220; text_text_color=&#8220;#bbb7b6&#8243; custom_padding=&#8220;20px||20px||false|false&#8220; global_colors_info=&#8220;{}&#8220;]<\/p>\n<p style=\"text-align: center;\"><a href=\"http:\/\/skm.crispinian.de\/wp\/mitmachen\/projekte\/\"><strong>Projekte<\/strong><\/a><\/p>\n<p>[\/et_pb_text][\/et_pb_column][et_pb_column type=&#8220;1_4&#8243; _builder_version=&#8220;4.20.0&#8243; _module_preset=&#8220;default&#8220; global_colors_info=&#8220;{}&#8220;][et_pb_image src=&#8220;http:\/\/skm.crispinian.de\/wp\/wp-content\/uploads\/2023\/08\/chat_grau.png&#8220; title_text=&#8220;chat_grau&#8220; align=&#8220;center&#8220; _builder_version=&#8220;4.22.1&#8243; _module_preset=&#8220;default&#8220; width=&#8220;25%&#8220; global_colors_info=&#8220;{}&#8220;][\/et_pb_image][et_pb_text _builder_version=&#8220;4.22.1&#8243; _module_preset=&#8220;default&#8220; text_text_color=&#8220;#bbb7b6&#8243; custom_padding=&#8220;20px||20px||false|false&#8220; global_colors_info=&#8220;{}&#8220;]<\/p>\n<p style=\"text-align: center;\"><a href=\"http:\/\/skm.crispinian.de\/wp\/ihre-rueckmeldung\/\"><strong>Ihre R\u00fcckmeldung<\/strong><\/a><\/p>\n<p>[\/et_pb_text][\/et_pb_column][\/et_pb_row][\/et_pb_section][et_pb_section fb_built=&#8220;1&#8243; _builder_version=&#8220;4.21.0&#8243; _module_preset=&#8220;default&#8220; global_module=&#8220;457&#8243; saved_tabs=&#8220;all&#8220; locked=&#8220;off&#8220; global_colors_info=&#8220;{}&#8220;][et_pb_row column_structure=&#8220;3_5,2_5&#8243; _builder_version=&#8220;4.21.0&#8243; _module_preset=&#8220;default&#8220; background_image=&#8220;http:\/\/skm.crispinian.de\/wp\/wp-content\/uploads\/2023\/08\/footer.png&#8220; width=&#8220;100%&#8220; max_width=&#8220;1950px&#8220; global_colors_info=&#8220;{}&#8220;][et_pb_column type=&#8220;3_5&#8243; _builder_version=&#8220;4.20.0&#8243; _module_preset=&#8220;default&#8220; global_colors_info=&#8220;{}&#8220;][et_pb_image src=&#8220;http:\/\/skm.crispinian.de\/wp\/wp-content\/uploads\/2023\/08\/skm_logo_weiss.png&#8220; title_text=&#8220;skm_logo_wei\u00df&#8220; align=&#8220;center&#8220; _builder_version=&#8220;4.21.0&#8243; _module_preset=&#8220;default&#8220; width=&#8220;20%&#8220; global_colors_info=&#8220;{}&#8220;][\/et_pb_image][\/et_pb_column][et_pb_column type=&#8220;2_5&#8243; _builder_version=&#8220;4.20.0&#8243; _module_preset=&#8220;default&#8220; global_colors_info=&#8220;{}&#8220;][et_pb_text _builder_version=&#8220;4.21.0&#8243; _module_preset=&#8220;default&#8220; text_font=&#8220;|600|||||||&#8220; background_color=&#8220;rgba(244,244,244,0.76)&#8220; custom_padding=&#8220;50px||50px||false|false&#8220; global_colors_info=&#8220;{}&#8220;]<\/p>\n<p style=\"text-align: center;\"><strong>SKM \u2013 Katholischer Verein<\/strong><br \/><strong>f\u00fcr soziale Dienste in Osnabr\u00fcck e. V.<\/strong><\/p>\n<p style=\"text-align: center;\">Alte Poststra\u00dfe 11<br \/>49074 Osnabr\u00fcck<\/p>\n<p style=\"text-align: center;\">0541 331 44-0<\/p>\n<p style=\"text-align: center;\"><a href=\"mailto:info@http:\/\/skm.crispinian.de\/wp\">info@http:\/\/skm.crispinian.de\/wp<\/a><\/p>\n<p>[\/et_pb_text][\/et_pb_column][\/et_pb_row][\/et_pb_section]<\/p>\n","protected":false},"excerpt":{"rendered":"<p>WUNSCHZETTEL-AKTIONWunschzettel-Aktion: Ein Kinderl\u00e4cheln zu Weihnachten \u2013 werden Sie Geschenkpate!Das, was im Jahr 2011 als Projektidee entstand, n\u00e4mlich Geschenkpaten f\u00fcr benachteiligte Kinder zum Weihnachtsfest zu finden, hat sich mittlerweile als eine feste Aktion in der Vorweihnachtszeit etabliert. Der SKM Osnabr\u00fcck setzt sich im Bereich der Jugendhilfe f\u00fcr benachteiligte Kinder und Jugendliche ein. Ein Schwerpunkt der Arbeit [&hellip;]<\/p>\n","protected":false},"author":1,"featured_media":0,"parent":326,"menu_order":0,"comment_status":"closed","ping_status":"closed","template":"","meta":{"_et_pb_use_builder":"on","_et_pb_old_content":"","_et_gb_content_width":"","footnotes":""},"class_list":["post-1652","page","type-page","status-publish","hentry"],"_links":{"self":[{"href":"http:\/\/skm.crispinian.de\/wp\/wp-json\/wp\/v2\/pages\/1652","targetHints":{"allow":["GET"]}}],"collection":[{"href":"http:\/\/skm.crispinian.de\/wp\/wp-json\/wp\/v2\/pages"}],"about":[{"href":"http:\/\/skm.crispinian.de\/wp\/wp-json\/wp\/v2\/types\/page"}],"author":[{"embeddable":true,"href":"http:\/\/skm.crispinian.de\/wp\/wp-json\/wp\/v2\/users\/1"}],"replies":[{"embeddable":true,"href":"http:\/\/skm.crispinian.de\/wp\/wp-json\/wp\/v2\/comments?post=1652"}],"version-history":[{"count":3,"href":"http:\/\/skm.crispinian.de\/wp\/wp-json\/wp\/v2\/pages\/1652\/revisions"}],"predecessor-version":[{"id":1985,"href":"http:\/\/skm.crispinian.de\/wp\/wp-json\/wp\/v2\/pages\/1652\/revisions\/1985"}],"up":[{"embeddable":true,"href":"http:\/\/skm.crispinian.de\/wp\/wp-json\/wp\/v2\/pages\/326"}],"wp:attachment":[{"href":"http:\/\/skm.crispinian.de\/wp\/wp-json\/wp\/v2\/media?parent=1652"}],"curies":[{"name":"wp","href":"https:\/\/api.w.org\/{rel}","templated":true}]}}