{"id":1625,"date":"2023-08-17T15:29:09","date_gmt":"2023-08-17T13:29:09","guid":{"rendered":"http:\/\/skm.crispinian.de\/wp\/?page_id=1625"},"modified":"2023-08-29T12:32:52","modified_gmt":"2023-08-29T10:32:52","slug":"gruene-oase-1-0","status":"publish","type":"page","link":"http:\/\/skm.crispinian.de\/wp\/mitmachen\/projekte\/gruene-oase-1-0\/","title":{"rendered":"Gr\u00fcne Oase 1.0"},"content":{"rendered":"<p>[et_pb_section fb_built=&#8220;1&#8243; admin_label=&#8220;Sektion&#8220; _builder_version=&#8220;4.20.2&#8243; _module_preset=&#8220;default&#8220; locked=&#8220;off&#8220; global_colors_info=&#8220;{}&#8220;][et_pb_row _builder_version=&#8220;4.20.2&#8243; _module_preset=&#8220;default&#8220; global_colors_info=&#8220;{}&#8220;][et_pb_column type=&#8220;4_4&#8243; _builder_version=&#8220;4.20.2&#8243; _module_preset=&#8220;default&#8220; global_colors_info=&#8220;{}&#8220;][et_pb_text admin_label=&#8220;GR\u00dcNE OASE 1.0&#8243; _builder_version=&#8220;4.22.0&#8243; text_font=&#8220;|600|||||||&#8220; text_font_size=&#8220;23px&#8220; ul_font=&#8220;||||||||&#8220; ol_font=&#8220;||||||||&#8220; quote_font=&#8220;||||||||&#8220; header_font=&#8220;||||||||&#8220; header_2_font=&#8220;|800|||||||&#8220; header_2_font_size=&#8220;24px&#8220; header_2_line_height=&#8220;1.8em&#8220; header_3_font=&#8220;||||||||&#8220; header_4_font=&#8220;|800||on|||||&#8220; header_4_font_size=&#8220;16px&#8220; header_4_letter_spacing=&#8220;0.5px&#8220; header_4_line_height=&#8220;1.7em&#8220; header_5_font=&#8220;||||||||&#8220; header_6_font=&#8220;||||||||&#8220; background_color=&#8220;#e9e4e2&#8243; padding_1_last_edited=&#8220;on|desktop&#8220; custom_padding=&#8220;30px|50px|30px|50px|true|true|20px|10%|20px|10%|true|true||on|desktop&#8220; custom_padding_tablet=&#8220;&#8220; custom_padding_phone=&#8220;20px|10%|20px|10%|true|true&#8220; custom_padding_last_edited=&#8220;on|phone&#8220; header_2_font_size_tablet=&#8220;&#8220; header_2_font_size_phone=&#8220;18px&#8220; header_2_font_size_last_edited=&#8220;on|phone&#8220; locked=&#8220;off&#8220; global_colors_info=&#8220;{}&#8220;]<\/p>\n<p>GR\u00dcNE OASE 1.0<\/p>\n<p>[\/et_pb_text][\/et_pb_column][\/et_pb_row][et_pb_row _builder_version=&#8220;4.22.0&#8243; _module_preset=&#8220;default&#8220; global_colors_info=&#8220;{}&#8220;][et_pb_column type=&#8220;4_4&#8243; _builder_version=&#8220;4.22.0&#8243; _module_preset=&#8220;default&#8220; global_colors_info=&#8220;{}&#8220;][et_pb_text _builder_version=&#8220;4.22.0&#8243; _module_preset=&#8220;default&#8220; global_colors_info=&#8220;{}&#8220;]<\/p>\n<p>Die M\u00d6WE gGmbH erh\u00e4lt ab dem 1. Oktober 2021 F\u00f6rdermittel von der Gl\u00fccksSpirale, die in das Projekt Gr\u00fcne Oase 1.0 flie\u00dfen. Dazu werden ab dem Datum zwei Kleing\u00e4rten \u00fcber den Kleing\u00e4rtnerverein S\u00fcd e.V. Osnabr\u00fcck gepachtet. In dem Projekt geht es um eine Besch\u00e4ftigung von Menschen, die aktuell nicht oder nur erschwert in der Lage sind, an Ma\u00dfnahmen nach dem SGB II teilzunehmen. Mit dem Projekt wird nachhaltig ein neues zus\u00e4tzliches innovatives Angebot geschaffen. Es erg\u00e4nzt das vorhandene Spektrum und erm\u00f6glicht zuk\u00fcnftig eine noch individuellere Bedarfsorientierung f\u00fcr die Teilnehmer*innen.<\/p>\n<p>Teilnehmer*innen, die bisher durch die Sozialtr\u00e4ger in die verschiedenen Bereiche der M\u00d6WE zugewiesen wurden, k\u00f6nnen auch weiterhin daran teilnehmen. Zuk\u00fcnftig haben sie aber, nach einer entsprechenden Abstimmung zwischen allen beteiligten Parteien, zus\u00e4tzlich die M\u00f6glichkeit sich im \u201eGartenprojekt&#8220; zu engagieren, sich zu besch\u00e4ftigen. Ein Wechsel\/ eine Bet\u00e4tigung in den anderen Bereichen ist weiterhin zu jeder Zeit gegeben. Bei dem Personenkreis kann es sich sowohl um Wohnungslose oder von Wohnungslosigkeit bedrohte Menschen, schwer erreichbare junge Menschen, die das 25 Lebensjahr noch nicht vollendet haben, Langzeitarbeitslose, als auch um Menschen handeln, bei denen besondere Lebensverh\u00e4ltnisse mit sozialen Schwierigkeiten verbunden sind.<\/p>\n<p>Die Teilnehmer*innen sollen \u00fcber das Projekt eine Besch\u00e4ftigung und Tagesstruktur erhalten und so auf eine Teilnahme an Ma\u00dfnahmen herangef\u00fchrt werden, die zu einer Wiedereingliederung in den Arbeitsmarkt f\u00fchren k\u00f6nnen. In dem Projekt werden die Teilnehmer*innen durch die Anleiter und Sozialarbeit begleitet. Es stehen jederzeit Ansprechpartner sowie eine Unterst\u00fctzung zur Verf\u00fcgung. Die Teilnehmer*innen sollen ihre gemeinsamen Vorstellungen und Ideen bei der Gestaltung der G\u00e4rten miteinflie\u00dfen lassen.<\/p>\n<p>Obst und Gem\u00fcse k\u00f6nnen angebaut, Blumenwiesen angelegt oder Hochbeete gebaut werden. Es k\u00f6nnen eine Rasenfl\u00e4che geschaffen und Gartenm\u00f6bel gebaut werden. Neben den oben genannten Personen werden im n\u00e4chsten Schritt auch externe Teilnehmer*innen wie Jugendgruppen, Vater-Kind-Gruppen in das \u201eProjekt\u201c eingebunden, so dass Gruppen der Gesellschaft zueinander finden, die sonst nicht zwingend in Verbindung treten w\u00fcrden. Der Aspekt der sozialen und gesellschaftlichen Teilhabe steht im besonderen Fokus.<\/p>\n<p>[\/et_pb_text][\/et_pb_column][\/et_pb_row][et_pb_row column_structure=&#8220;1_2,1_2&#8243; _builder_version=&#8220;4.22.1&#8243; _module_preset=&#8220;default&#8220; global_colors_info=&#8220;{}&#8220;][et_pb_column type=&#8220;1_2&#8243; _builder_version=&#8220;4.22.1&#8243; _module_preset=&#8220;default&#8220; global_colors_info=&#8220;{}&#8220;][et_pb_image _builder_version=&#8220;4.22.1&#8243; _module_preset=&#8220;default&#8220; title_text=&#8220;Team&#8220; src=&#8220;http:\/\/skm.crispinian.de\/wp\/wp-content\/uploads\/2023\/08\/Team-scaled-e1693305131784.jpg&#8220; hover_enabled=&#8220;0&#8243; sticky_enabled=&#8220;0&#8243;][\/et_pb_image][\/et_pb_column][et_pb_column type=&#8220;1_2&#8243; _builder_version=&#8220;4.22.1&#8243; _module_preset=&#8220;default&#8220; global_colors_info=&#8220;{}&#8220;][et_pb_image src=&#8220;http:\/\/skm.crispinian.de\/wp\/wp-content\/uploads\/2023\/08\/IMG_4289.jpg&#8220; title_text=&#8220;IMG_4289&#8243; _builder_version=&#8220;4.22.1&#8243; _module_preset=&#8220;default&#8220; global_colors_info=&#8220;{}&#8220;][\/et_pb_image][\/et_pb_column][\/et_pb_row][et_pb_row _builder_version=&#8220;4.22.1&#8243; _module_preset=&#8220;default&#8220; global_colors_info=&#8220;{}&#8220;][et_pb_column type=&#8220;4_4&#8243; _builder_version=&#8220;4.22.1&#8243; _module_preset=&#8220;default&#8220; global_colors_info=&#8220;{}&#8220;][et_pb_text _builder_version=&#8220;4.22.1&#8243; _module_preset=&#8220;default&#8220; global_colors_info=&#8220;{}&#8220;]<script type=\"text\/javascript\" src=\"https:\/\/www.dkm-spendenportal.de\/files\/oneo\/js\/iframe-resizer-master\/js\/iframeResizer.min.js\"><\/script><br \/>\n<iframe src=\"https:\/\/www.dkm-spendenportal.de\/projekt-checkout.html?id=1035\" id=\"myIframe\" class=\"cc-iframe iframeJS\" width=\"100%\" scrolling=\"no\" frameborder=\"0\" class=\"cc-iframe\"><\/iframe><br \/>\n<script>\niFrameResize({ log: true, inPageLinks:true }, '#myIframe')\n<\/script> [\/et_pb_text][\/et_pb_column][\/et_pb_row][\/et_pb_section][et_pb_section fb_built=&#8220;1&#8243; _builder_version=&#8220;4.22.0&#8243; _module_preset=&#8220;default&#8220; background_color=&#8220;#e9e4e2&#8243; max_width=&#8220;1950px&#8220; custom_margin=&#8220;15px||||false|false&#8220; global_module=&#8220;456&#8243; saved_tabs=&#8220;all&#8220; locked=&#8220;off&#8220; global_colors_info=&#8220;{}&#8220;][et_pb_row column_structure=&#8220;1_4,1_4,1_4,1_4&#8243; _builder_version=&#8220;4.20.0&#8243; _module_preset=&#8220;default&#8220; global_colors_info=&#8220;{}&#8220;][et_pb_column type=&#8220;1_4&#8243; _builder_version=&#8220;4.20.0&#8243; _module_preset=&#8220;default&#8220; global_colors_info=&#8220;{}&#8220;][et_pb_image src=&#8220;http:\/\/skm.crispinian.de\/wp\/wp-content\/uploads\/2023\/08\/donation_grau.png&#8220; title_text=&#8220;donation_grau&#8220; align=&#8220;center&#8220; _builder_version=&#8220;4.22.1&#8243; _module_preset=&#8220;default&#8220; width=&#8220;25%&#8220; global_colors_info=&#8220;{}&#8220;][\/et_pb_image][et_pb_text _builder_version=&#8220;4.22.0&#8243; _module_preset=&#8220;default&#8220; text_text_color=&#8220;#bbb7b6&#8243; custom_padding=&#8220;20px||20px||false|false&#8220; global_colors_info=&#8220;{}&#8220;]<\/p>\n<p style=\"text-align: center;\"><a href=\"http:\/\/skm.crispinian.de\/wp\/spenden\/\"><strong>Spenden<\/strong><\/a><\/p>\n<p>[\/et_pb_text][\/et_pb_column][et_pb_column type=&#8220;1_4&#8243; _builder_version=&#8220;4.20.0&#8243; _module_preset=&#8220;default&#8220; global_colors_info=&#8220;{}&#8220;][et_pb_image src=&#8220;http:\/\/skm.crispinian.de\/wp\/wp-content\/uploads\/2023\/08\/job_grau.png&#8220; title_text=&#8220;job_grau&#8220; align=&#8220;center&#8220; _builder_version=&#8220;4.22.1&#8243; _module_preset=&#8220;default&#8220; width=&#8220;25%&#8220; global_colors_info=&#8220;{}&#8220;][\/et_pb_image][et_pb_text _builder_version=&#8220;4.21.0&#8243; _module_preset=&#8220;default&#8220; text_text_color=&#8220;#bbb7b6&#8243; custom_padding=&#8220;20px||20px||false|false&#8220; global_colors_info=&#8220;{}&#8220;]<\/p>\n<p style=\"text-align: center;\"><a href=\"http:\/\/skm.crispinian.de\/wp\/karriere\/\"><strong>Stellenausschreibungen<\/strong><\/a><\/p>\n<p>[\/et_pb_text][\/et_pb_column][et_pb_column type=&#8220;1_4&#8243; _builder_version=&#8220;4.20.0&#8243; _module_preset=&#8220;default&#8220; global_colors_info=&#8220;{}&#8220;][et_pb_image src=&#8220;http:\/\/skm.crispinian.de\/wp\/wp-content\/uploads\/2023\/08\/support_grau.png&#8220; title_text=&#8220;support_grau&#8220; align=&#8220;center&#8220; _builder_version=&#8220;4.22.1&#8243; _module_preset=&#8220;default&#8220; width=&#8220;25%&#8220; global_colors_info=&#8220;{}&#8220;][\/et_pb_image][et_pb_text _builder_version=&#8220;4.22.1&#8243; _module_preset=&#8220;default&#8220; text_text_color=&#8220;#bbb7b6&#8243; custom_padding=&#8220;20px||20px||false|false&#8220; global_colors_info=&#8220;{}&#8220;]<\/p>\n<p style=\"text-align: center;\"><a href=\"http:\/\/skm.crispinian.de\/wp\/mitmachen\/projekte\/\"><strong>Projekte<\/strong><\/a><\/p>\n<p>[\/et_pb_text][\/et_pb_column][et_pb_column type=&#8220;1_4&#8243; _builder_version=&#8220;4.20.0&#8243; _module_preset=&#8220;default&#8220; global_colors_info=&#8220;{}&#8220;][et_pb_image src=&#8220;http:\/\/skm.crispinian.de\/wp\/wp-content\/uploads\/2023\/08\/chat_grau.png&#8220; title_text=&#8220;chat_grau&#8220; align=&#8220;center&#8220; _builder_version=&#8220;4.22.1&#8243; _module_preset=&#8220;default&#8220; width=&#8220;25%&#8220; global_colors_info=&#8220;{}&#8220;][\/et_pb_image][et_pb_text _builder_version=&#8220;4.22.1&#8243; _module_preset=&#8220;default&#8220; text_text_color=&#8220;#bbb7b6&#8243; custom_padding=&#8220;20px||20px||false|false&#8220; global_colors_info=&#8220;{}&#8220;]<\/p>\n<p style=\"text-align: center;\"><a href=\"http:\/\/skm.crispinian.de\/wp\/ihre-rueckmeldung\/\"><strong>Ihre R\u00fcckmeldung<\/strong><\/a><\/p>\n<p>[\/et_pb_text][\/et_pb_column][\/et_pb_row][\/et_pb_section][et_pb_section fb_built=&#8220;1&#8243; _builder_version=&#8220;4.21.0&#8243; _module_preset=&#8220;default&#8220; global_module=&#8220;457&#8243; saved_tabs=&#8220;all&#8220; locked=&#8220;off&#8220; global_colors_info=&#8220;{}&#8220;][et_pb_row column_structure=&#8220;3_5,2_5&#8243; _builder_version=&#8220;4.21.0&#8243; _module_preset=&#8220;default&#8220; background_image=&#8220;http:\/\/skm.crispinian.de\/wp\/wp-content\/uploads\/2023\/08\/footer.png&#8220; width=&#8220;100%&#8220; max_width=&#8220;1950px&#8220; global_colors_info=&#8220;{}&#8220;][et_pb_column type=&#8220;3_5&#8243; _builder_version=&#8220;4.20.0&#8243; _module_preset=&#8220;default&#8220; global_colors_info=&#8220;{}&#8220;][et_pb_image src=&#8220;http:\/\/skm.crispinian.de\/wp\/wp-content\/uploads\/2023\/08\/skm_logo_weiss.png&#8220; title_text=&#8220;skm_logo_wei\u00df&#8220; align=&#8220;center&#8220; _builder_version=&#8220;4.21.0&#8243; _module_preset=&#8220;default&#8220; width=&#8220;20%&#8220; global_colors_info=&#8220;{}&#8220;][\/et_pb_image][\/et_pb_column][et_pb_column type=&#8220;2_5&#8243; _builder_version=&#8220;4.20.0&#8243; _module_preset=&#8220;default&#8220; global_colors_info=&#8220;{}&#8220;][et_pb_text _builder_version=&#8220;4.21.0&#8243; _module_preset=&#8220;default&#8220; text_font=&#8220;|600|||||||&#8220; background_color=&#8220;rgba(244,244,244,0.76)&#8220; custom_padding=&#8220;50px||50px||false|false&#8220; global_colors_info=&#8220;{}&#8220;]<\/p>\n<p style=\"text-align: center;\"><strong>SKM \u2013 Katholischer Verein<\/strong><br \/><strong>f\u00fcr soziale Dienste in Osnabr\u00fcck e. V.<\/strong><\/p>\n<p style=\"text-align: center;\">Alte Poststra\u00dfe 11<br \/>49074 Osnabr\u00fcck<\/p>\n<p style=\"text-align: center;\">0541 331 44-0<\/p>\n<p style=\"text-align: center;\"><a href=\"mailto:info@http:\/\/skm.crispinian.de\/wp\">info@http:\/\/skm.crispinian.de\/wp<\/a><\/p>\n<p>[\/et_pb_text][\/et_pb_column][\/et_pb_row][\/et_pb_section]<\/p>\n","protected":false},"excerpt":{"rendered":"<p>GR\u00dcNE OASE 1.0Die M\u00d6WE gGmbH erh\u00e4lt ab dem 1. Oktober 2021 F\u00f6rdermittel von der Gl\u00fccksSpirale, die in das Projekt Gr\u00fcne Oase 1.0 flie\u00dfen. Dazu werden ab dem Datum zwei Kleing\u00e4rten \u00fcber den Kleing\u00e4rtnerverein S\u00fcd e.V. Osnabr\u00fcck gepachtet. In dem Projekt geht es um eine Besch\u00e4ftigung von Menschen, die aktuell nicht oder nur erschwert in der [&hellip;]<\/p>\n","protected":false},"author":1,"featured_media":0,"parent":326,"menu_order":0,"comment_status":"closed","ping_status":"closed","template":"","meta":{"_et_pb_use_builder":"on","_et_pb_old_content":"","_et_gb_content_width":"","footnotes":""},"class_list":["post-1625","page","type-page","status-publish","hentry"],"_links":{"self":[{"href":"http:\/\/skm.crispinian.de\/wp\/wp-json\/wp\/v2\/pages\/1625","targetHints":{"allow":["GET"]}}],"collection":[{"href":"http:\/\/skm.crispinian.de\/wp\/wp-json\/wp\/v2\/pages"}],"about":[{"href":"http:\/\/skm.crispinian.de\/wp\/wp-json\/wp\/v2\/types\/page"}],"author":[{"embeddable":true,"href":"http:\/\/skm.crispinian.de\/wp\/wp-json\/wp\/v2\/users\/1"}],"replies":[{"embeddable":true,"href":"http:\/\/skm.crispinian.de\/wp\/wp-json\/wp\/v2\/comments?post=1625"}],"version-history":[{"count":2,"href":"http:\/\/skm.crispinian.de\/wp\/wp-json\/wp\/v2\/pages\/1625\/revisions"}],"predecessor-version":[{"id":2125,"href":"http:\/\/skm.crispinian.de\/wp\/wp-json\/wp\/v2\/pages\/1625\/revisions\/2125"}],"up":[{"embeddable":true,"href":"http:\/\/skm.crispinian.de\/wp\/wp-json\/wp\/v2\/pages\/326"}],"wp:attachment":[{"href":"http:\/\/skm.crispinian.de\/wp\/wp-json\/wp\/v2\/media?parent=1625"}],"curies":[{"name":"wp","href":"https:\/\/api.w.org\/{rel}","templated":true}]}}